{"id":10,"date":"2019-06-11T09:35:24","date_gmt":"2019-06-11T12:35:24","guid":{"rendered":"http:\/\/143.107.88.225\/edge.fea.usp.br\/www\/?page_id=10"},"modified":"2020-05-15T14:29:10","modified_gmt":"2020-05-15T17:29:10","slug":"membros-participantes","status":"publish","type":"page","link":"https:\/\/www.edge.fea.usp.br\/index.php\/membros-participantes\/","title":{"rendered":"Membros Participantes"},"content":{"rendered":"<p>As atividades do N\u00facleo s\u00e3o concebidas e desenvolvidas por equipe altamente qualificada, incluindo membros internos e externos \u00e0 USP visando sempre garantir a excel\u00eancia dos projetos. <\/p>\n<p>Os membros do EDGE\/USP s\u00e3o professores doutores da USP, professores convidados (externos) de institui\u00e7\u00f5es de renome nacional ou internacional, executivos de organiza\u00e7\u00f5es em destaque, bem como especialistas ad hoc para atua\u00e7\u00e3o em \u00e1reas de foco nos projetos do N\u00facleo.<\/p>\n","protected":false},"excerpt":{"rendered":"<p>As atividades do N\u00facleo s\u00e3o concebidas e desenvolvidas por equipe altamente qualificada, incluindo membros internos e externos \u00e0 USP visando sempre garantir a excel\u00eancia dos projetos. Os membros do EDGE\/USP s\u00e3o professores doutores da USP, professores convidados (externos) de institui\u00e7\u00f5es de renome nacional ou internacional, executivos de organiza\u00e7\u00f5es em destaque, bem como especialistas ad hoc &#8230; <a title=\"Membros Participantes\" class=\"read-more\" href=\"https:\/\/www.edge.fea.usp.br\/index.php\/membros-participantes\/\" aria-label=\"More on Membros Participantes\">Ler mais<\/a><\/p>\n","protected":false},"author":1,"featured_media":0,"parent":0,"menu_order":0,"comment_status":"closed","ping_status":"closed","template":"","meta":[],"_links":{"self":[{"href":"https:\/\/www.edge.fea.usp.br\/index.php\/wp-json\/wp\/v2\/pages\/10"}],"collection":[{"href":"https:\/\/www.edge.fea.usp.br\/index.php\/wp-json\/wp\/v2\/pages"}],"about":[{"href":"https:\/\/www.edge.fea.usp.br\/index.php\/wp-json\/wp\/v2\/types\/page"}],"author":[{"embeddable":true,"href":"https:\/\/www.edge.fea.usp.br\/index.php\/wp-json\/wp\/v2\/users\/1"}],"replies":[{"embeddable":true,"href":"https:\/\/www.edge.fea.usp.br\/index.php\/wp-json\/wp\/v2\/comments?post=10"}],"version-history":[{"count":2,"href":"https:\/\/www.edge.fea.usp.br\/index.php\/wp-json\/wp\/v2\/pages\/10\/revisions"}],"predecessor-version":[{"id":275,"href":"https:\/\/www.edge.fea.usp.br\/index.php\/wp-json\/wp\/v2\/pages\/10\/revisions\/275"}],"wp:attachment":[{"href":"https:\/\/www.edge.fea.usp.br\/index.php\/wp-json\/wp\/v2\/media?parent=10"}],"curies":[{"name":"wp","href":"https:\/\/api.w.org\/{rel}","templated":true}]}}